{"id":701,"date":"2021-02-08T18:42:00","date_gmt":"2021-02-08T15:42:00","guid":{"rendered":"http:\/\/www.istesaglikdergisi.com.tr\/?page_id=701"},"modified":"2021-02-08T18:42:00","modified_gmt":"2021-02-08T15:42:00","slug":"ders-2b-is-kazasi-ve-meslek-hastaligindan-dogan-hukuki-sonuclar","status":"publish","type":"page","link":"http:\/\/www.istesaglikdergisi.com.tr\/index.php\/ders-2b-is-kazasi-ve-meslek-hastaligindan-dogan-hukuki-sonuclar\/","title":{"rendered":"Ders 2b. \u0130\u015f kazas\u0131 ve meslek hastal\u0131\u011f\u0131ndan do\u011fan hukuki sonu\u00e7lar"},"content":{"rendered":"<p><iframe src=\"https:\/\/docs.google.com\/presentation\/d\/e\/2PACX-1vSWb9_IC-y-0tK64gvatbz97BKH487e_MJjGBtZwQZ-d7BCSrr5ReqTjGZh4HMNdw\/embed?start=false&#038;loop=false&#038;delayms=30000\" frameborder=\"0\" width=\"600\" height=\"400\" allowfullscreen=\"true\" mozallowfullscreen=\"true\" webkitallowfullscreen=\"true\"><\/iframe><\/p>\n","protected":false},"excerpt":{"rendered":"","protected":false},"author":1,"featured_media":0,"parent":0,"menu_order":0,"comment_status":"closed","ping_status":"closed","template":"","meta":[],"_links":{"self":[{"href":"http:\/\/www.istesaglikdergisi.com.tr\/index.php\/wp-json\/wp\/v2\/pages\/701"}],"collection":[{"href":"http:\/\/www.istesaglikdergisi.com.tr\/index.php\/wp-json\/wp\/v2\/pages"}],"about":[{"href":"http:\/\/www.istesaglikdergisi.com.tr\/index.php\/wp-json\/wp\/v2\/types\/page"}],"author":[{"embeddable":true,"href":"http:\/\/www.istesaglikdergisi.com.tr\/index.php\/wp-json\/wp\/v2\/users\/1"}],"replies":[{"embeddable":true,"href":"http:\/\/www.istesaglikdergisi.com.tr\/index.php\/wp-json\/wp\/v2\/comments?post=701"}],"version-history":[{"count":1,"href":"http:\/\/www.istesaglikdergisi.com.tr\/index.php\/wp-json\/wp\/v2\/pages\/701\/revisions"}],"predecessor-version":[{"id":702,"href":"http:\/\/www.istesaglikdergisi.com.tr\/index.php\/wp-json\/wp\/v2\/pages\/701\/revisions\/702"}],"wp:attachment":[{"href":"http:\/\/www.istesaglikdergisi.com.tr\/index.php\/wp-json\/wp\/v2\/media?parent=701"}],"curies":[{"name":"wp","href":"https:\/\/api.w.org\/{rel}","templated":true}]}}