{"id":707,"date":"2021-02-08T18:43:35","date_gmt":"2021-02-08T15:43:35","guid":{"rendered":"http:\/\/www.istesaglikdergisi.com.tr\/?page_id=707"},"modified":"2021-02-08T18:43:35","modified_gmt":"2021-02-08T15:43:35","slug":"ders-4b-isyeri-temizligi-ve-duzeni","status":"publish","type":"page","link":"http:\/\/www.istesaglikdergisi.com.tr\/index.php\/ders-4b-isyeri-temizligi-ve-duzeni\/","title":{"rendered":"Ders 4b. \u0130\u015fyeri temizli\u011fi ve d\u00fczeni"},"content":{"rendered":"<p><iframe src=\"https:\/\/docs.google.com\/presentation\/d\/e\/2PACX-1vRTr3xMavrmiC7gYCdnINEg2t-gIRCjMgkRS0oc_VInnHRmJXtEsX0YDxGwVQ2ACw\/embed?start=false&#038;loop=false&#038;delayms=30000\" frameborder=\"0\" width=\"600\" height=\"400\" allowfullscreen=\"true\" mozallowfullscreen=\"true\" webkitallowfullscreen=\"true\"><\/iframe><\/p>\n","protected":false},"excerpt":{"rendered":"","protected":false},"author":1,"featured_media":0,"parent":0,"menu_order":0,"comment_status":"closed","ping_status":"closed","template":"","meta":[],"_links":{"self":[{"href":"http:\/\/www.istesaglikdergisi.com.tr\/index.php\/wp-json\/wp\/v2\/pages\/707"}],"collection":[{"href":"http:\/\/www.istesaglikdergisi.com.tr\/index.php\/wp-json\/wp\/v2\/pages"}],"about":[{"href":"http:\/\/www.istesaglikdergisi.com.tr\/index.php\/wp-json\/wp\/v2\/types\/page"}],"author":[{"embeddable":true,"href":"http:\/\/www.istesaglikdergisi.com.tr\/index.php\/wp-json\/wp\/v2\/users\/1"}],"replies":[{"embeddable":true,"href":"http:\/\/www.istesaglikdergisi.com.tr\/index.php\/wp-json\/wp\/v2\/comments?post=707"}],"version-history":[{"count":1,"href":"http:\/\/www.istesaglikdergisi.com.tr\/index.php\/wp-json\/wp\/v2\/pages\/707\/revisions"}],"predecessor-version":[{"id":708,"href":"http:\/\/www.istesaglikdergisi.com.tr\/index.php\/wp-json\/wp\/v2\/pages\/707\/revisions\/708"}],"wp:attachment":[{"href":"http:\/\/www.istesaglikdergisi.com.tr\/index.php\/wp-json\/wp\/v2\/media?parent=707"}],"curies":[{"name":"wp","href":"https:\/\/api.w.org\/{rel}","templated":true}]}}