{"id":727,"date":"2021-02-08T18:47:00","date_gmt":"2021-02-08T15:47:00","guid":{"rendered":"http:\/\/www.istesaglikdergisi.com.tr\/?page_id=727"},"modified":"2021-02-08T18:47:00","modified_gmt":"2021-02-08T15:47:00","slug":"ders-9b-is-kazalarinin-sebepleri-ve-korunma-prensipleri-ile-tekniklerin-uygulanmasi","status":"publish","type":"page","link":"http:\/\/www.istesaglikdergisi.com.tr\/index.php\/ders-9b-is-kazalarinin-sebepleri-ve-korunma-prensipleri-ile-tekniklerin-uygulanmasi\/","title":{"rendered":"Ders 9b. \u0130\u015f kazalar\u0131n\u0131n sebepleri ve korunma prensipleri ile tekniklerin uygulanmas\u0131"},"content":{"rendered":"<p><iframe src=\"https:\/\/docs.google.com\/presentation\/d\/e\/2PACX-1vTMGsWbIo7IxKQgTM7suDJbrQb4tLSoHil_04lUXzvpyWzi14QKKtZ2m9oDu6cq1g\/embed?start=false&#038;loop=false&#038;delayms=30000\" frameborder=\"0\" width=\"600\" height=\"400\" allowfullscreen=\"true\" mozallowfullscreen=\"true\" webkitallowfullscreen=\"true\"><\/iframe><\/p>\n","protected":false},"excerpt":{"rendered":"","protected":false},"author":1,"featured_media":0,"parent":0,"menu_order":0,"comment_status":"closed","ping_status":"closed","template":"","meta":[],"_links":{"self":[{"href":"http:\/\/www.istesaglikdergisi.com.tr\/index.php\/wp-json\/wp\/v2\/pages\/727"}],"collection":[{"href":"http:\/\/www.istesaglikdergisi.com.tr\/index.php\/wp-json\/wp\/v2\/pages"}],"about":[{"href":"http:\/\/www.istesaglikdergisi.com.tr\/index.php\/wp-json\/wp\/v2\/types\/page"}],"author":[{"embeddable":true,"href":"http:\/\/www.istesaglikdergisi.com.tr\/index.php\/wp-json\/wp\/v2\/users\/1"}],"replies":[{"embeddable":true,"href":"http:\/\/www.istesaglikdergisi.com.tr\/index.php\/wp-json\/wp\/v2\/comments?post=727"}],"version-history":[{"count":1,"href":"http:\/\/www.istesaglikdergisi.com.tr\/index.php\/wp-json\/wp\/v2\/pages\/727\/revisions"}],"predecessor-version":[{"id":728,"href":"http:\/\/www.istesaglikdergisi.com.tr\/index.php\/wp-json\/wp\/v2\/pages\/727\/revisions\/728"}],"wp:attachment":[{"href":"http:\/\/www.istesaglikdergisi.com.tr\/index.php\/wp-json\/wp\/v2\/media?parent=727"}],"curies":[{"name":"wp","href":"https:\/\/api.w.org\/{rel}","templated":true}]}}