{"id":729,"date":"2021-02-08T18:47:25","date_gmt":"2021-02-08T15:47:25","guid":{"rendered":"http:\/\/www.istesaglikdergisi.com.tr\/?page_id=729"},"modified":"2021-02-08T18:47:25","modified_gmt":"2021-02-08T15:47:25","slug":"ders-10a-is-ekipmanlarinin-guvenli-kullanimi","status":"publish","type":"page","link":"http:\/\/www.istesaglikdergisi.com.tr\/index.php\/ders-10a-is-ekipmanlarinin-guvenli-kullanimi\/","title":{"rendered":"Ders 10a. \u0130\u015f ekipmanlar\u0131n\u0131n g\u00fcvenli kullan\u0131m\u0131"},"content":{"rendered":"<p><iframe src=\"https:\/\/docs.google.com\/presentation\/d\/e\/2PACX-1vRs5Y9Ua8ez-cPlbvYEuqgb3Q6vFxBB4cAJnnCapIr1w0otzssHOsyAMIayhEECNQ\/embed?start=false&#038;loop=false&#038;delayms=30000\" frameborder=\"0\" width=\"600\" height=\"400\" allowfullscreen=\"true\" mozallowfullscreen=\"true\" webkitallowfullscreen=\"true\"><\/iframe><\/p>\n","protected":false},"excerpt":{"rendered":"","protected":false},"author":1,"featured_media":0,"parent":0,"menu_order":0,"comment_status":"closed","ping_status":"closed","template":"","meta":[],"_links":{"self":[{"href":"http:\/\/www.istesaglikdergisi.com.tr\/index.php\/wp-json\/wp\/v2\/pages\/729"}],"collection":[{"href":"http:\/\/www.istesaglikdergisi.com.tr\/index.php\/wp-json\/wp\/v2\/pages"}],"about":[{"href":"http:\/\/www.istesaglikdergisi.com.tr\/index.php\/wp-json\/wp\/v2\/types\/page"}],"author":[{"embeddable":true,"href":"http:\/\/www.istesaglikdergisi.com.tr\/index.php\/wp-json\/wp\/v2\/users\/1"}],"replies":[{"embeddable":true,"href":"http:\/\/www.istesaglikdergisi.com.tr\/index.php\/wp-json\/wp\/v2\/comments?post=729"}],"version-history":[{"count":1,"href":"http:\/\/www.istesaglikdergisi.com.tr\/index.php\/wp-json\/wp\/v2\/pages\/729\/revisions"}],"predecessor-version":[{"id":730,"href":"http:\/\/www.istesaglikdergisi.com.tr\/index.php\/wp-json\/wp\/v2\/pages\/729\/revisions\/730"}],"wp:attachment":[{"href":"http:\/\/www.istesaglikdergisi.com.tr\/index.php\/wp-json\/wp\/v2\/media?parent=729"}],"curies":[{"name":"wp","href":"https:\/\/api.w.org\/{rel}","templated":true}]}}