{"id":731,"date":"2021-02-08T18:47:41","date_gmt":"2021-02-08T15:47:41","guid":{"rendered":"http:\/\/www.istesaglikdergisi.com.tr\/?page_id=731"},"modified":"2021-02-08T18:47:41","modified_gmt":"2021-02-08T15:47:41","slug":"ders-10b-kisisel-koruyucu-donanim-kullanimi","status":"publish","type":"page","link":"http:\/\/www.istesaglikdergisi.com.tr\/index.php\/ders-10b-kisisel-koruyucu-donanim-kullanimi\/","title":{"rendered":"Ders 10b. Ki\u015fisel koruyucu donan\u0131m kullan\u0131m\u0131"},"content":{"rendered":"<p><iframe src=\"https:\/\/docs.google.com\/presentation\/d\/e\/2PACX-1vSsl3Z4ywpxeMDk-f6AuK7g5s1_f4ZiEUi8dGsnJCHt8l7Xa_SrXZZ8dtlXpgrdIQ\/embed?start=false&#038;loop=false&#038;delayms=30000\" frameborder=\"0\" width=\"600\" height=\"400\" allowfullscreen=\"true\" mozallowfullscreen=\"true\" webkitallowfullscreen=\"true\"><\/iframe><\/p>\n","protected":false},"excerpt":{"rendered":"","protected":false},"author":1,"featured_media":0,"parent":0,"menu_order":0,"comment_status":"closed","ping_status":"closed","template":"","meta":[],"_links":{"self":[{"href":"http:\/\/www.istesaglikdergisi.com.tr\/index.php\/wp-json\/wp\/v2\/pages\/731"}],"collection":[{"href":"http:\/\/www.istesaglikdergisi.com.tr\/index.php\/wp-json\/wp\/v2\/pages"}],"about":[{"href":"http:\/\/www.istesaglikdergisi.com.tr\/index.php\/wp-json\/wp\/v2\/types\/page"}],"author":[{"embeddable":true,"href":"http:\/\/www.istesaglikdergisi.com.tr\/index.php\/wp-json\/wp\/v2\/users\/1"}],"replies":[{"embeddable":true,"href":"http:\/\/www.istesaglikdergisi.com.tr\/index.php\/wp-json\/wp\/v2\/comments?post=731"}],"version-history":[{"count":1,"href":"http:\/\/www.istesaglikdergisi.com.tr\/index.php\/wp-json\/wp\/v2\/pages\/731\/revisions"}],"predecessor-version":[{"id":732,"href":"http:\/\/www.istesaglikdergisi.com.tr\/index.php\/wp-json\/wp\/v2\/pages\/731\/revisions\/732"}],"wp:attachment":[{"href":"http:\/\/www.istesaglikdergisi.com.tr\/index.php\/wp-json\/wp\/v2\/media?parent=731"}],"curies":[{"name":"wp","href":"https:\/\/api.w.org\/{rel}","templated":true}]}}